{"id":103,"date":"2024-08-02T12:43:31","date_gmt":"2024-08-02T12:43:31","guid":{"rendered":"https:\/\/chillout-hoechst.at\/?page_id=103"},"modified":"2026-01-15T15:09:33","modified_gmt":"2026-01-15T15:09:33","slug":"kontakt","status":"publish","type":"page","link":"https:\/\/chillout-hoechst.at\/index.php\/kontakt\/","title":{"rendered":"Kontakt"},"content":{"rendered":"\t\t<div data-elementor-type=\"wp-page\" data-elementor-id=\"103\" class=\"elementor elementor-103\" data-elementor-post-type=\"page\">\n\t\t\t\t<div class=\"elementor-element elementor-element-337781b e-flex e-con-boxed e-con e-parent\" data-id=\"337781b\" data-element_type=\"container\" data-e-type=\"container\">\n\t\t\t\t\t<div class=\"e-con-inner\">\n\t\t\t\t<div class=\"elementor-element elementor-element-39b8249 elementor-widget elementor-widget-heading\" data-id=\"39b8249\" data-element_type=\"widget\" data-e-type=\"widget\" data-widget_type=\"heading.default\">\n\t\t\t\t<div class=\"elementor-widget-container\">\n\t\t\t\t\t<h3 class=\"elementor-heading-title elementor-size-default\">Standort<\/h3>\t\t\t\t<\/div>\n\t\t\t\t<\/div>\n\t\t\t\t<div class=\"elementor-element elementor-element-5f73169 elementor-widget elementor-widget-google_maps\" data-id=\"5f73169\" data-element_type=\"widget\" data-e-type=\"widget\" data-widget_type=\"google_maps.default\">\n\t\t\t\t<div class=\"elementor-widget-container\">\n\t\t\t\t\t\t\t<div class=\"elementor-custom-embed\">\n\t\t\t<iframe loading=\"lazy\"\n\t\t\t\t\tsrc=\"https:\/\/maps.google.com\/maps?q=Rheinauweg%2051%2C%206973%20H%C3%B6chst%2C%20%C3%96sterreich&#038;t=m&#038;z=13&#038;output=embed&#038;iwloc=near\"\n\t\t\t\t\ttitle=\"Rheinauweg 51, 6973 H\u00f6chst, \u00d6sterreich\"\n\t\t\t\t\taria-label=\"Rheinauweg 51, 6973 H\u00f6chst, \u00d6sterreich\"\n\t\t\t><\/iframe>\n\t\t<\/div>\n\t\t\t\t\t\t<\/div>\n\t\t\t\t<\/div>\n\t\t\t\t\t<\/div>\n\t\t\t\t<\/div>\n\t\t<div class=\"elementor-element elementor-element-c0f7324 e-flex e-con-boxed e-con e-parent\" data-id=\"c0f7324\" data-element_type=\"container\" data-e-type=\"container\">\n\t\t\t\t\t<div class=\"e-con-inner\">\n\t\t\t\t<div class=\"elementor-element elementor-element-e6f10f3 elementor-widget elementor-widget-text-editor\" data-id=\"e6f10f3\" data-element_type=\"widget\" data-e-type=\"widget\" data-widget_type=\"text-editor.default\">\n\t\t\t\t<div class=\"elementor-widget-container\">\n\t\t\t\t\t\t\t\t\t<div style=\"font-family: Arial, sans-serif; color: #000000; line-height: 1.6;\">\n  <p><strong>Offene Jugendarbeit H\u00f6chst (Chillout)<\/strong><\/p>\n  \n  <p>\n    <i class=\"fas fa-map-marker-alt\"><\/i>\n    <a href=\"https:\/\/maps.app.goo.gl\/6NadPUCmKMBKGRAPA\" \n       target=\"_blank\" \n       style=\"color: #000000; text-decoration: none;\">\n      Rheinauweg 51, 6973 H\u00f6chst, \u00d6sterreich\n    <\/a>\n  <\/p>\n  \n  <p>\n    <i class=\"fas fa-phone\"><\/i>\n    <a href=\"tel:+43557236508600\" \n       target=\"_blank\" \n       style=\"color: #000000; text-decoration: none;\">\n      +43 (0) 5572 36508600\n    <\/a>\n  <\/p>\n  \n  <p>\n    <i class=\"fas fa-envelope\"><\/i>\n    <a href=\"mailto:chillout@ojad.at\" \n       target=\"_blank\" \n       style=\"color: #000000; text-decoration: none;\">\n      chillout@ojad.at\n    <\/a>\n  <\/p>\n<\/div>\t\t\t\t\t\t\t\t<\/div>\n\t\t\t\t<\/div>\n\t\t\t\t<div class=\"elementor-element elementor-element-3a3b4b0 elementor-widget-divider--view-line elementor-widget elementor-widget-divider\" data-id=\"3a3b4b0\" data-element_type=\"widget\" data-e-type=\"widget\" data-widget_type=\"divider.default\">\n\t\t\t\t<div class=\"elementor-widget-container\">\n\t\t\t\t\t\t\t<div class=\"elementor-divider\">\n\t\t\t<span class=\"elementor-divider-separator\">\n\t\t\t\t\t\t<\/span>\n\t\t<\/div>\n\t\t\t\t\t\t<\/div>\n\t\t\t\t<\/div>\n\t\t\t\t\t<\/div>\n\t\t\t\t<\/div>\n\t\t<div class=\"elementor-element elementor-element-184e5a5 e-flex e-con-boxed e-con e-parent\" data-id=\"184e5a5\" data-element_type=\"container\" data-e-type=\"container\">\n\t\t\t\t\t<div class=\"e-con-inner\">\n\t\t\t\t<div class=\"elementor-element elementor-element-4c6b2f6 elementor-widget-divider--view-line elementor-widget elementor-widget-divider\" data-id=\"4c6b2f6\" data-element_type=\"widget\" data-e-type=\"widget\" data-widget_type=\"divider.default\">\n\t\t\t\t<div class=\"elementor-widget-container\">\n\t\t\t\t\t\t\t<div class=\"elementor-divider\">\n\t\t\t<span class=\"elementor-divider-separator\">\n\t\t\t\t\t\t<\/span>\n\t\t<\/div>\n\t\t\t\t\t\t<\/div>\n\t\t\t\t<\/div>\n\t\t\t\t<div class=\"elementor-element elementor-element-4276bca elementor-widget elementor-widget-text-editor\" data-id=\"4276bca\" data-element_type=\"widget\" data-e-type=\"widget\" data-widget_type=\"text-editor.default\">\n\t\t\t\t<div class=\"elementor-widget-container\">\n\t\t\t\t\t\t\t\t\t<div style=\"font-family: Arial, sans-serif; color: #000000; line-height: 1.6;\">\n  <p><strong>Janine Schweiger (Leitung)<\/strong><\/p>\n  \n  <p>\n    <i class=\"fas fa-phone\"><\/i>\n    <a href=\"tel:+4367683650844\" \n       target=\"_blank\" \n       style=\"color: #000000; text-decoration: none;\">\n      +43 (0) 676 83650844\n    <\/a>\n  <\/p>\n  \n  <p>\n    <i class=\"fas fa-envelope\"><\/i>\n    <a href=\"mailto:janine.schweiger@ojad.at\" \n       target=\"_blank\" \n       style=\"color: #000000; text-decoration: none;\">\n      janine.schweiger@ojad.at\n    <\/a>\n  <\/p>\n<\/div>\t\t\t\t\t\t\t\t<\/div>\n\t\t\t\t<\/div>\n\t\t\t\t\t<\/div>\n\t\t\t\t<\/div>\n\t\t<div class=\"elementor-element elementor-element-f3b758d e-flex e-con-boxed e-con e-parent\" data-id=\"f3b758d\" data-element_type=\"container\" data-e-type=\"container\">\n\t\t\t\t\t<div class=\"e-con-inner\">\n\t\t\t\t<div class=\"elementor-element elementor-element-504c187 elementor-widget elementor-widget-text-editor\" data-id=\"504c187\" data-element_type=\"widget\" data-e-type=\"widget\" data-widget_type=\"text-editor.default\">\n\t\t\t\t<div class=\"elementor-widget-container\">\n\t\t\t\t\t\t\t\t\t<div style=\"font-family: Arial, sans-serif; color: #000000; line-height: 1.6;\">\n  <p><strong>Nedo Mitrovic<\/strong><\/p>\n\n  <p>\n    <i class=\"fas fa-phone\"><\/i>\n    <a href=\"tel:+4367683650857\" \n       target=\"_blank\" \n       style=\"color: #000000; text-decoration: none;\">\n      +43 (0) 676 83650857\n    <\/a>\n  <\/p>\n\n  <p>\n    <i class=\"fas fa-envelope\"><\/i>\n    <a href=\"mailto:nedo.mitrovic@ojad.at\" \n       target=\"_blank\" \n       style=\"color: #000000; text-decoration: none;\">\n      nedo.mitrovic@ojad.at\n    <\/a>\n  <\/p>\n<\/div>\t\t\t\t\t\t\t\t<\/div>\n\t\t\t\t<\/div>\n\t\t\t\t<div class=\"elementor-element elementor-element-9a7c8a7 elementor-widget-divider--view-line elementor-widget elementor-widget-divider\" data-id=\"9a7c8a7\" data-element_type=\"widget\" data-e-type=\"widget\" data-widget_type=\"divider.default\">\n\t\t\t\t<div class=\"elementor-widget-container\">\n\t\t\t\t\t\t\t<div class=\"elementor-divider\">\n\t\t\t<span class=\"elementor-divider-separator\">\n\t\t\t\t\t\t<\/span>\n\t\t<\/div>\n\t\t\t\t\t\t<\/div>\n\t\t\t\t<\/div>\n\t\t\t\t\t<\/div>\n\t\t\t\t<\/div>\n\t\t<div class=\"elementor-element elementor-element-917c7c1 e-flex e-con-boxed e-con e-parent\" data-id=\"917c7c1\" data-element_type=\"container\" data-e-type=\"container\">\n\t\t\t\t\t<div class=\"e-con-inner\">\n\t\t\t\t<div class=\"elementor-element elementor-element-5b7652b elementor-widget elementor-widget-text-editor\" data-id=\"5b7652b\" data-element_type=\"widget\" data-e-type=\"widget\" data-widget_type=\"text-editor.default\">\n\t\t\t\t<div class=\"elementor-widget-container\">\n\t\t\t\t\t\t\t\t\t<div style=\"font-family: Arial, sans-serif; color: #000000; line-height: 1.6;\"><p><strong>Laura D\u00fcnser<\/strong><\/p><p><i class=\"fas fa-phone\"><\/i><a style=\"color: #000000; text-decoration: none;\" href=\"tel:+4367683650815\" target=\"_blank\" rel=\"noopener\">\u00a0+43 (0) 676 83650815<\/a><\/p><p><i class=\"fas fa-envelope\"><\/i>\u00a0<a style=\"color: #000000; text-decoration: none;\" href=\"mailto:laura.duenser@ojad.at\" target=\"_blank\" rel=\"noopener\">laura.duenser@ojad.at<br \/><\/a><\/p><\/div>\t\t\t\t\t\t\t\t<\/div>\n\t\t\t\t<\/div>\n\t\t\t\t<div class=\"elementor-element elementor-element-ec157e4 elementor-widget-divider--view-line elementor-widget elementor-widget-divider\" data-id=\"ec157e4\" data-element_type=\"widget\" data-e-type=\"widget\" data-widget_type=\"divider.default\">\n\t\t\t\t<div class=\"elementor-widget-container\">\n\t\t\t\t\t\t\t<div class=\"elementor-divider\">\n\t\t\t<span class=\"elementor-divider-separator\">\n\t\t\t\t\t\t<\/span>\n\t\t<\/div>\n\t\t\t\t\t\t<\/div>\n\t\t\t\t<\/div>\n\t\t\t\t\t<\/div>\n\t\t\t\t<\/div>\n\t\t<div class=\"elementor-element elementor-element-ba0bb70 e-flex e-con-boxed e-con e-parent\" data-id=\"ba0bb70\" data-element_type=\"container\" data-e-type=\"container\">\n\t\t\t\t\t<div class=\"e-con-inner\">\n\t\t\t\t<div class=\"elementor-element elementor-element-e09b0f1 elementor-widget elementor-widget-text-editor\" data-id=\"e09b0f1\" data-element_type=\"widget\" data-e-type=\"widget\" data-widget_type=\"text-editor.default\">\n\t\t\t\t<div class=\"elementor-widget-container\">\n\t\t\t\t\t\t\t\t\t<div style=\"font-family: Arial, sans-serif; color: #000000; line-height: 1.6;\">\n  <p><strong>Kristina Yasenova<\/strong><\/p>\n\n  <p>\n    <i class=\"fas fa-phone\"><\/i>\n    <a href=\"tel:+4367683650832\" \n       target=\"_blank\" \n       style=\"color: #000000; text-decoration: none;\">\n      +43 (0) 676 83650832\n    <\/a>\n  <\/p>\n\n  <p>\n    <i class=\"fas fa-envelope\"><\/i>\n    <a href=\"mailto:kristina.yasenova@ojad.at\" \n       target=\"_blank\" \n       style=\"color: #000000; text-decoration: none;\">\n      kristina.yasenova@ojad.at\n    <\/a>\n  <\/p>\n<\/div>\t\t\t\t\t\t\t\t<\/div>\n\t\t\t\t<\/div>\n\t\t\t\t\t<\/div>\n\t\t\t\t<\/div>\n\t\t\t\t<\/div>\n\t\t","protected":false},"excerpt":{"rendered":"<p>Standort Offene Jugendarbeit H\u00f6chst (Chillout) Rheinauweg 51, 6973 H\u00f6chst, \u00d6sterreich +43 (0) 5572 36508600 chillout@ojad.at Janine Schweiger (Leitung) +43 (0) 676 83650844 janine.schweiger@ojad.at Nedo Mitrovic +43 (0) 676 83650857 nedo.mitrovic@ojad.at Laura D\u00fcnser \u00a0+43 (0) 676 83650815 \u00a0laura.duenser@ojad.at Kristina Yasenova +43 (0) 676 83650832 kristina.yasenova@ojad.at<\/p>\n","protected":false},"author":2,"featured_media":0,"parent":0,"menu_order":0,"comment_status":"closed","ping_status":"closed","template":"","meta":{"footnotes":""},"class_list":["post-103","page","type-page","status-publish","hentry"],"yoast_head":"<!-- This site is optimized with the Yoast SEO plugin v27.4 - https:\/\/yoast.com\/product\/yoast-seo-wordpress\/ -->\n<title>Kontakt | Chillout H\u00f6chst<\/title>\n<meta name=\"robots\" content=\"index, follow, max-snippet:-1, max-image-preview:large, max-video-preview:-1\" \/>\n<link rel=\"canonical\" href=\"https:\/\/chillout-hoechst.at\/index.php\/kontakt\/\" \/>\n<meta property=\"og:locale\" content=\"de_DE\" \/>\n<meta property=\"og:type\" content=\"article\" \/>\n<meta property=\"og:title\" content=\"Kontakt | Chillout H\u00f6chst\" \/>\n<meta property=\"og:description\" content=\"Standort Offene Jugendarbeit H\u00f6chst (Chillout) Rheinauweg 51, 6973 H\u00f6chst, \u00d6sterreich +43 (0) 5572 36508600 chillout@ojad.at Janine Schweiger (Leitung) +43 (0) 676 83650844 janine.schweiger@ojad.at Nedo Mitrovic +43 (0) 676 83650857 nedo.mitrovic@ojad.at Laura D\u00fcnser \u00a0+43 (0) 676 83650815 \u00a0laura.duenser@ojad.at Kristina Yasenova +43 (0) 676 83650832 kristina.yasenova@ojad.at\" \/>\n<meta property=\"og:url\" content=\"https:\/\/chillout-hoechst.at\/index.php\/kontakt\/\" \/>\n<meta property=\"og:site_name\" content=\"Chillout H\u00f6chst\" \/>\n<meta property=\"article:publisher\" content=\"https:\/\/www.facebook.com\/chillina.hochst.1?locale=de_DE\" \/>\n<meta property=\"article:modified_time\" content=\"2026-01-15T15:09:33+00:00\" \/>\n<meta property=\"og:image\" content=\"https:\/\/chillout-hoechst.at\/wp-content\/uploads\/2024\/08\/android-chrome-512x512-1.png\" \/>\n\t<meta property=\"og:image:width\" content=\"512\" \/>\n\t<meta property=\"og:image:height\" content=\"512\" \/>\n\t<meta property=\"og:image:type\" content=\"image\/png\" \/>\n<meta name=\"twitter:card\" content=\"summary_large_image\" \/>\n<meta name=\"twitter:label1\" content=\"Gesch\u00e4tzte Lesezeit\" \/>\n\t<meta name=\"twitter:data1\" content=\"1\u00a0Minute\" \/>\n<script type=\"application\/ld+json\" class=\"yoast-schema-graph\">{\"@context\":\"https:\\\/\\\/schema.org\",\"@graph\":[{\"@type\":\"WebPage\",\"@id\":\"https:\\\/\\\/chillout-hoechst.at\\\/index.php\\\/kontakt\\\/\",\"url\":\"https:\\\/\\\/chillout-hoechst.at\\\/index.php\\\/kontakt\\\/\",\"name\":\"Kontakt | Chillout H\u00f6chst\",\"isPartOf\":{\"@id\":\"https:\\\/\\\/chillout-hoechst.at\\\/#website\"},\"datePublished\":\"2024-08-02T12:43:31+00:00\",\"dateModified\":\"2026-01-15T15:09:33+00:00\",\"breadcrumb\":{\"@id\":\"https:\\\/\\\/chillout-hoechst.at\\\/index.php\\\/kontakt\\\/#breadcrumb\"},\"inLanguage\":\"de\",\"potentialAction\":[{\"@type\":\"ReadAction\",\"target\":[\"https:\\\/\\\/chillout-hoechst.at\\\/index.php\\\/kontakt\\\/\"]}]},{\"@type\":\"BreadcrumbList\",\"@id\":\"https:\\\/\\\/chillout-hoechst.at\\\/index.php\\\/kontakt\\\/#breadcrumb\",\"itemListElement\":[{\"@type\":\"ListItem\",\"position\":1,\"name\":\"Startseite\",\"item\":\"https:\\\/\\\/chillout-hoechst.at\\\/\"},{\"@type\":\"ListItem\",\"position\":2,\"name\":\"Kontakt\"}]},{\"@type\":\"WebSite\",\"@id\":\"https:\\\/\\\/chillout-hoechst.at\\\/#website\",\"url\":\"https:\\\/\\\/chillout-hoechst.at\\\/\",\"name\":\"Chillout H\u00f6chst\",\"description\":\"\",\"publisher\":{\"@id\":\"https:\\\/\\\/chillout-hoechst.at\\\/#organization\"},\"alternateName\":\"Chillout Hoechst\",\"potentialAction\":[{\"@type\":\"SearchAction\",\"target\":{\"@type\":\"EntryPoint\",\"urlTemplate\":\"https:\\\/\\\/chillout-hoechst.at\\\/?s={search_term_string}\"},\"query-input\":{\"@type\":\"PropertyValueSpecification\",\"valueRequired\":true,\"valueName\":\"search_term_string\"}}],\"inLanguage\":\"de\"},{\"@type\":\"Organization\",\"@id\":\"https:\\\/\\\/chillout-hoechst.at\\\/#organization\",\"name\":\"Chillout H\u00f6chst\",\"alternateName\":\"Chillout Hoechst\",\"url\":\"https:\\\/\\\/chillout-hoechst.at\\\/\",\"logo\":{\"@type\":\"ImageObject\",\"inLanguage\":\"de\",\"@id\":\"https:\\\/\\\/chillout-hoechst.at\\\/#\\\/schema\\\/logo\\\/image\\\/\",\"url\":\"https:\\\/\\\/chillout-hoechst.at\\\/wp-content\\\/uploads\\\/2024\\\/08\\\/android-chrome-512x512-1.png\",\"contentUrl\":\"https:\\\/\\\/chillout-hoechst.at\\\/wp-content\\\/uploads\\\/2024\\\/08\\\/android-chrome-512x512-1.png\",\"width\":512,\"height\":512,\"caption\":\"Chillout H\u00f6chst\"},\"image\":{\"@id\":\"https:\\\/\\\/chillout-hoechst.at\\\/#\\\/schema\\\/logo\\\/image\\\/\"},\"sameAs\":[\"https:\\\/\\\/www.facebook.com\\\/chillina.hochst.1?locale=de_DE\",\"https:\\\/\\\/www.instagram.com\\\/chillouthoechst\\\/\",\"https:\\\/\\\/www.youtube.com\\\/channel\\\/UCKfl2NjE5hHFL59H830CDtg\",\"https:\\\/\\\/www.tiktok.com\\\/@chillouthoechst?_t=8oLpQcqO7kW&_r=1\"]}]}<\/script>\n<!-- \/ Yoast SEO plugin. -->","yoast_head_json":{"title":"Kontakt | Chillout H\u00f6chst","robots":{"index":"index","follow":"follow","max-snippet":"max-snippet:-1","max-image-preview":"max-image-preview:large","max-video-preview":"max-video-preview:-1"},"canonical":"https:\/\/chillout-hoechst.at\/index.php\/kontakt\/","og_locale":"de_DE","og_type":"article","og_title":"Kontakt | Chillout H\u00f6chst","og_description":"Standort Offene Jugendarbeit H\u00f6chst (Chillout) Rheinauweg 51, 6973 H\u00f6chst, \u00d6sterreich +43 (0) 5572 36508600 chillout@ojad.at Janine Schweiger (Leitung) +43 (0) 676 83650844 janine.schweiger@ojad.at Nedo Mitrovic +43 (0) 676 83650857 nedo.mitrovic@ojad.at Laura D\u00fcnser \u00a0+43 (0) 676 83650815 \u00a0laura.duenser@ojad.at Kristina Yasenova +43 (0) 676 83650832 kristina.yasenova@ojad.at","og_url":"https:\/\/chillout-hoechst.at\/index.php\/kontakt\/","og_site_name":"Chillout H\u00f6chst","article_publisher":"https:\/\/www.facebook.com\/chillina.hochst.1?locale=de_DE","article_modified_time":"2026-01-15T15:09:33+00:00","og_image":[{"width":512,"height":512,"url":"https:\/\/chillout-hoechst.at\/wp-content\/uploads\/2024\/08\/android-chrome-512x512-1.png","type":"image\/png"}],"twitter_card":"summary_large_image","twitter_misc":{"Gesch\u00e4tzte Lesezeit":"1\u00a0Minute"},"schema":{"@context":"https:\/\/schema.org","@graph":[{"@type":"WebPage","@id":"https:\/\/chillout-hoechst.at\/index.php\/kontakt\/","url":"https:\/\/chillout-hoechst.at\/index.php\/kontakt\/","name":"Kontakt | Chillout H\u00f6chst","isPartOf":{"@id":"https:\/\/chillout-hoechst.at\/#website"},"datePublished":"2024-08-02T12:43:31+00:00","dateModified":"2026-01-15T15:09:33+00:00","breadcrumb":{"@id":"https:\/\/chillout-hoechst.at\/index.php\/kontakt\/#breadcrumb"},"inLanguage":"de","potentialAction":[{"@type":"ReadAction","target":["https:\/\/chillout-hoechst.at\/index.php\/kontakt\/"]}]},{"@type":"BreadcrumbList","@id":"https:\/\/chillout-hoechst.at\/index.php\/kontakt\/#breadcrumb","itemListElement":[{"@type":"ListItem","position":1,"name":"Startseite","item":"https:\/\/chillout-hoechst.at\/"},{"@type":"ListItem","position":2,"name":"Kontakt"}]},{"@type":"WebSite","@id":"https:\/\/chillout-hoechst.at\/#website","url":"https:\/\/chillout-hoechst.at\/","name":"Chillout H\u00f6chst","description":"","publisher":{"@id":"https:\/\/chillout-hoechst.at\/#organization"},"alternateName":"Chillout Hoechst","potentialAction":[{"@type":"SearchAction","target":{"@type":"EntryPoint","urlTemplate":"https:\/\/chillout-hoechst.at\/?s={search_term_string}"},"query-input":{"@type":"PropertyValueSpecification","valueRequired":true,"valueName":"search_term_string"}}],"inLanguage":"de"},{"@type":"Organization","@id":"https:\/\/chillout-hoechst.at\/#organization","name":"Chillout H\u00f6chst","alternateName":"Chillout Hoechst","url":"https:\/\/chillout-hoechst.at\/","logo":{"@type":"ImageObject","inLanguage":"de","@id":"https:\/\/chillout-hoechst.at\/#\/schema\/logo\/image\/","url":"https:\/\/chillout-hoechst.at\/wp-content\/uploads\/2024\/08\/android-chrome-512x512-1.png","contentUrl":"https:\/\/chillout-hoechst.at\/wp-content\/uploads\/2024\/08\/android-chrome-512x512-1.png","width":512,"height":512,"caption":"Chillout H\u00f6chst"},"image":{"@id":"https:\/\/chillout-hoechst.at\/#\/schema\/logo\/image\/"},"sameAs":["https:\/\/www.facebook.com\/chillina.hochst.1?locale=de_DE","https:\/\/www.instagram.com\/chillouthoechst\/","https:\/\/www.youtube.com\/channel\/UCKfl2NjE5hHFL59H830CDtg","https:\/\/www.tiktok.com\/@chillouthoechst?_t=8oLpQcqO7kW&_r=1"]}]}},"_links":{"self":[{"href":"https:\/\/chillout-hoechst.at\/index.php\/wp-json\/wp\/v2\/pages\/103","targetHints":{"allow":["GET"]}}],"collection":[{"href":"https:\/\/chillout-hoechst.at\/index.php\/wp-json\/wp\/v2\/pages"}],"about":[{"href":"https:\/\/chillout-hoechst.at\/index.php\/wp-json\/wp\/v2\/types\/page"}],"author":[{"embeddable":true,"href":"https:\/\/chillout-hoechst.at\/index.php\/wp-json\/wp\/v2\/users\/2"}],"replies":[{"embeddable":true,"href":"https:\/\/chillout-hoechst.at\/index.php\/wp-json\/wp\/v2\/comments?post=103"}],"version-history":[{"count":50,"href":"https:\/\/chillout-hoechst.at\/index.php\/wp-json\/wp\/v2\/pages\/103\/revisions"}],"predecessor-version":[{"id":634,"href":"https:\/\/chillout-hoechst.at\/index.php\/wp-json\/wp\/v2\/pages\/103\/revisions\/634"}],"wp:attachment":[{"href":"https:\/\/chillout-hoechst.at\/index.php\/wp-json\/wp\/v2\/media?parent=103"}],"curies":[{"name":"wp","href":"https:\/\/api.w.org\/{rel}","templated":true}]}}