{"id":133,"date":"2024-08-02T14:52:57","date_gmt":"2024-08-02T14:52:57","guid":{"rendered":"https:\/\/chillout-hoechst.at\/?page_id=133"},"modified":"2026-01-15T15:20:34","modified_gmt":"2026-01-15T15:20:34","slug":"offener-betrieb","status":"publish","type":"page","link":"https:\/\/chillout-hoechst.at\/index.php\/offener-betrieb\/","title":{"rendered":"Offener Betrieb"},"content":{"rendered":"\t\t<div data-elementor-type=\"wp-page\" data-elementor-id=\"133\" class=\"elementor elementor-133\" data-elementor-post-type=\"page\">\n\t\t\t\t<div class=\"elementor-element elementor-element-4b2fdda e-flex e-con-boxed e-con e-parent\" data-id=\"4b2fdda\" data-element_type=\"container\" data-e-type=\"container\">\n\t\t\t\t\t<div class=\"e-con-inner\">\n\t\t\t\t<div class=\"elementor-element elementor-element-8c7b409 elementor-widget elementor-widget-text-editor\" data-id=\"8c7b409\" data-element_type=\"widget\" data-e-type=\"widget\" data-widget_type=\"text-editor.default\">\n\t\t\t\t<div class=\"elementor-widget-container\">\n\t\t\t\t\t\t\t\t\t<h5>Aufgrund des Umbaus im Chillout findet der offene Betrieb im Partyraum statt.<\/h5>\t\t\t\t\t\t\t\t<\/div>\n\t\t\t\t<\/div>\n\t\t\t\t\t<\/div>\n\t\t\t\t<\/div>\n\t\t<div class=\"elementor-element elementor-element-9834b52 e-con-full e-flex e-con e-parent\" data-id=\"9834b52\" data-element_type=\"container\" data-e-type=\"container\">\n\t\t<div class=\"elementor-element elementor-element-8c8a08a e-con-full e-flex e-con e-child\" data-id=\"8c8a08a\" data-element_type=\"container\" data-e-type=\"container\">\n\t\t\t\t<div class=\"elementor-element elementor-element-6632b28 elementor-widget elementor-widget-text-editor\" data-id=\"6632b28\" data-element_type=\"widget\" data-e-type=\"widget\" data-widget_type=\"text-editor.default\">\n\t\t\t\t<div class=\"elementor-widget-container\">\n\t\t\t\t\t\t\t\t\t<h3><strong>Dienstag<\/strong><\/h3><p><span style=\"color: #000000;\"><em>\u00d6ffnungszeiten: 15:00 &#8211; 19:00 Uhr<\/em><\/span><\/p><p><span style=\"color: #000000;\"><em>\u00a0<\/em><\/span><\/p><ul><li><span style=\"color: #000000;\">Lernen<\/span><\/li><li><span style=\"color: #000000;\">Chillen<\/span><\/li><li><span style=\"color: #000000;\">Bewerbung schreiben<\/span><\/li><li><span style=\"color: #000000;\"> Brettspiele &amp; Kartenspiele<\/span><\/li><li><span style=\"color: #000000;\">Basteln<\/span><\/li><li><span style=\"color: #000000;\">Fu\u00dfball &amp; Basketball<\/span><\/li><li><span style=\"color: #000000;\"> Pumptrack<\/span><\/li><li><span style=\"color: #000000;\">PlayStation<\/span><\/li><li><span style=\"color: #000000;\">Billard<\/span><\/li><\/ul>\t\t\t\t\t\t\t\t<\/div>\n\t\t\t\t<\/div>\n\t\t\t\t<\/div>\n\t\t<div class=\"elementor-element elementor-element-7660e2c e-con-full e-flex e-con e-child\" data-id=\"7660e2c\" data-element_type=\"container\" data-e-type=\"container\">\n\t\t\t\t<div class=\"elementor-element elementor-element-07d2b37 elementor-widget elementor-widget-text-editor\" data-id=\"07d2b37\" data-element_type=\"widget\" data-e-type=\"widget\" data-widget_type=\"text-editor.default\">\n\t\t\t\t<div class=\"elementor-widget-container\">\n\t\t\t\t\t\t\t\t\t<h3><strong>Mittwoch<\/strong><\/h3><p><span style=\"color: #000000;\"><em>\u00d6ffnungszeiten: 15:00 &#8211; 19:00 Uhr<\/em><\/span><\/p><p><strong><span style=\"color: #000000;\">Highlight: Offenes Sportangebot (M\u00e4dchen)\u00a0<\/span><\/strong><\/p><ul><li><span style=\"color: #000000;\">Lernen<\/span><\/li><li><span style=\"color: #000000;\">Chillen<\/span><\/li><li><span style=\"color: #000000;\">Bewerbung schreiben<\/span><\/li><li><span style=\"color: #000000;\"> Brettspiele &amp; Kartenspiele<\/span><\/li><li><span style=\"color: #000000;\">Basteln<\/span><\/li><li><span style=\"color: #000000;\">Fu\u00dfball &amp; Basketball<\/span><\/li><li><span style=\"color: #000000;\"> Pumptrack<\/span><\/li><li><span style=\"color: #000000;\">PlayStation<\/span><\/li><li><span style=\"color: #000000;\">Billard<\/span><\/li><\/ul>\t\t\t\t\t\t\t\t<\/div>\n\t\t\t\t<\/div>\n\t\t\t\t<\/div>\n\t\t<div class=\"elementor-element elementor-element-c290183 e-con-full e-flex e-con e-child\" data-id=\"c290183\" data-element_type=\"container\" data-e-type=\"container\">\n\t\t\t\t<div class=\"elementor-element elementor-element-df15c3b elementor-widget elementor-widget-text-editor\" data-id=\"df15c3b\" data-element_type=\"widget\" data-e-type=\"widget\" data-widget_type=\"text-editor.default\">\n\t\t\t\t<div class=\"elementor-widget-container\">\n\t\t\t\t\t\t\t\t\t<h3><strong>Donnerstag<\/strong><\/h3><p><span style=\"color: #000000;\"><em>\u00d6ffnungszeiten: 15:00 &#8211; 21:00 Uhr<\/em><\/span><\/p><p><strong><span style=\"color: #000000;\">Highlight: <\/span><\/strong><strong style=\"font-size: 16px;\"><span style=\"color: #000000;\">Offenes Sportangebot (Jungs) &amp; Backen\u00a0<\/span><\/strong><\/p><ul><li><span style=\"color: #000000;\">Lernen<\/span><\/li><li><span style=\"color: #000000;\">Chillen<\/span><\/li><li><span style=\"color: #000000;\">Bewerbung schreiben<\/span><\/li><li><span style=\"color: #000000;\"> Brettspiele &amp; Kartenspiele<\/span><\/li><li><span style=\"color: #000000;\">Basteln<\/span><\/li><li><span style=\"color: #000000;\">Fu\u00dfball &amp; Basketball<\/span><\/li><li><span style=\"color: #000000;\"> Pumptrack<\/span><\/li><li><span style=\"color: #000000;\">PlayStation<\/span><\/li><li><span style=\"color: #000000;\">Billard<\/span><\/li><\/ul>\t\t\t\t\t\t\t\t<\/div>\n\t\t\t\t<\/div>\n\t\t\t\t<\/div>\n\t\t<div class=\"elementor-element elementor-element-865af36 e-con-full e-flex e-con e-child\" data-id=\"865af36\" data-element_type=\"container\" data-e-type=\"container\">\n\t\t\t\t<div class=\"elementor-element elementor-element-1d2e7e9 elementor-widget elementor-widget-text-editor\" data-id=\"1d2e7e9\" data-element_type=\"widget\" data-e-type=\"widget\" data-widget_type=\"text-editor.default\">\n\t\t\t\t<div class=\"elementor-widget-container\">\n\t\t\t\t\t\t\t\t\t<h3><strong>Freitag<\/strong><\/h3><p><span style=\"color: #000000;\"><em>\u00d6ffnungszeiten: 15:00 &#8211; 21:00 Uhr<\/em><\/span><\/p><p><strong><span style=\"color: #000000;\">Highlight: Kochen<\/span><\/strong><span style=\"color: #000000;\"><em><br \/><\/em><\/span><\/p><ul><li><span style=\"color: #000000;\">Lernen<\/span><\/li><li><span style=\"color: #000000;\">Chillen<\/span><\/li><li><span style=\"color: #000000;\">Bewerbung schreiben<\/span><\/li><li><span style=\"color: #000000;\"> Brettspiele &amp; Kartenspiele<\/span><\/li><li><span style=\"color: #000000;\">Basteln<\/span><\/li><li><span style=\"color: #000000;\">Fu\u00dfball &amp; Basketball<\/span><\/li><li><span style=\"color: #000000;\"> Pumptrack<\/span><\/li><li><span style=\"color: #000000;\">PlayStation<\/span><\/li><li><span style=\"color: #000000;\">Billard<\/span><\/li><\/ul>\t\t\t\t\t\t\t\t<\/div>\n\t\t\t\t<\/div>\n\t\t\t\t<\/div>\n\t\t\t\t<\/div>\n\t\t<div class=\"elementor-element elementor-element-d588f55 e-flex e-con-boxed e-con e-parent\" data-id=\"d588f55\" data-element_type=\"container\" data-e-type=\"container\">\n\t\t\t\t\t<div class=\"e-con-inner\">\n\t\t\t\t<div class=\"elementor-element elementor-element-5eebb0f elementor-widget-divider--view-line elementor-widget elementor-widget-divider\" data-id=\"5eebb0f\" data-element_type=\"widget\" data-e-type=\"widget\" data-widget_type=\"divider.default\">\n\t\t\t\t<div class=\"elementor-widget-container\">\n\t\t\t\t\t\t\t<div class=\"elementor-divider\">\n\t\t\t<span class=\"elementor-divider-separator\">\n\t\t\t\t\t\t<\/span>\n\t\t<\/div>\n\t\t\t\t\t\t<\/div>\n\t\t\t\t<\/div>\n\t\t\t\t\t<\/div>\n\t\t\t\t<\/div>\n\t\t<div class=\"elementor-element elementor-element-c93b158 e-flex e-con-boxed e-con e-parent\" data-id=\"c93b158\" data-element_type=\"container\" data-e-type=\"container\">\n\t\t\t\t\t<div class=\"e-con-inner\">\n\t\t\t\t<div class=\"elementor-element elementor-element-82f830a elementor-widget elementor-widget-heading\" data-id=\"82f830a\" data-element_type=\"widget\" data-e-type=\"widget\" data-widget_type=\"heading.default\">\n\t\t\t\t<div class=\"elementor-widget-container\">\n\t\t\t\t\t<h2 class=\"elementor-heading-title elementor-size-default\"><br>Party-Paket f\u00fcr Jugendliche<br><br><\/h2>\t\t\t\t<\/div>\n\t\t\t\t<\/div>\n\t\t\t\t<div class=\"elementor-element elementor-element-28abeb6 elementor-widget elementor-widget-image\" data-id=\"28abeb6\" data-element_type=\"widget\" data-e-type=\"widget\" data-widget_type=\"image.default\">\n\t\t\t\t<div class=\"elementor-widget-container\">\n\t\t\t\t\t\t\t\t\t\t\t\t\t\t\t<img fetchpriority=\"high\" decoding=\"async\" width=\"724\" height=\"1024\" src=\"https:\/\/chillout-hoechst.at\/wp-content\/uploads\/2024\/09\/PartyPaket-Flyer-724x1024.png\" class=\"attachment-large size-large wp-image-214\" alt=\"\" srcset=\"https:\/\/chillout-hoechst.at\/wp-content\/uploads\/2024\/09\/PartyPaket-Flyer-724x1024.png 724w, https:\/\/chillout-hoechst.at\/wp-content\/uploads\/2024\/09\/PartyPaket-Flyer-212x300.png 212w, https:\/\/chillout-hoechst.at\/wp-content\/uploads\/2024\/09\/PartyPaket-Flyer-768x1086.png 768w, https:\/\/chillout-hoechst.at\/wp-content\/uploads\/2024\/09\/PartyPaket-Flyer-1086x1536.png 1086w, https:\/\/chillout-hoechst.at\/wp-content\/uploads\/2024\/09\/PartyPaket-Flyer.png 1414w\" sizes=\"(max-width: 724px) 100vw, 724px\" \/>\t\t\t\t\t\t\t\t\t\t\t\t\t\t\t<\/div>\n\t\t\t\t<\/div>\n\t\t\t\t\t<\/div>\n\t\t\t\t<\/div>\n\t\t\t\t<\/div>\n\t\t","protected":false},"excerpt":{"rendered":"<p>Aufgrund des Umbaus im Chillout findet der offene Betrieb im Partyraum statt. Dienstag \u00d6ffnungszeiten: 15:00 &#8211; 19:00 Uhr \u00a0 Lernen Chillen Bewerbung schreiben Brettspiele &amp; Kartenspiele Basteln Fu\u00dfball &amp; Basketball Pumptrack PlayStation Billard Mittwoch \u00d6ffnungszeiten: 15:00 &#8211; 19:00 Uhr Highlight: Offenes Sportangebot (M\u00e4dchen)\u00a0 Lernen Chillen Bewerbung schreiben Brettspiele &amp; Kartenspiele Basteln Fu\u00dfball &amp; Basketball Pumptrack&#8230;<\/p>\n","protected":false},"author":2,"featured_media":0,"parent":0,"menu_order":0,"comment_status":"closed","ping_status":"closed","template":"","meta":{"footnotes":""},"class_list":["post-133","page","type-page","status-publish","hentry"],"yoast_head":"<!-- This site is optimized with the Yoast SEO plugin v27.4 - https:\/\/yoast.com\/product\/yoast-seo-wordpress\/ -->\n<title>Offener Betrieb | Chillout H\u00f6chst<\/title>\n<meta name=\"robots\" content=\"index, follow, max-snippet:-1, max-image-preview:large, max-video-preview:-1\" \/>\n<link rel=\"canonical\" href=\"https:\/\/chillout-hoechst.at\/index.php\/offener-betrieb\/\" \/>\n<meta property=\"og:locale\" content=\"de_DE\" \/>\n<meta property=\"og:type\" content=\"article\" \/>\n<meta property=\"og:title\" content=\"Offener Betrieb | Chillout H\u00f6chst\" \/>\n<meta property=\"og:description\" content=\"Aufgrund des Umbaus im Chillout findet der offene Betrieb im Partyraum statt. Dienstag \u00d6ffnungszeiten: 15:00 &#8211; 19:00 Uhr \u00a0 Lernen Chillen Bewerbung schreiben Brettspiele &amp; Kartenspiele Basteln Fu\u00dfball &amp; Basketball Pumptrack PlayStation Billard Mittwoch \u00d6ffnungszeiten: 15:00 &#8211; 19:00 Uhr Highlight: Offenes Sportangebot (M\u00e4dchen)\u00a0 Lernen Chillen Bewerbung schreiben Brettspiele &amp; Kartenspiele Basteln Fu\u00dfball &amp; Basketball Pumptrack...\" \/>\n<meta property=\"og:url\" content=\"https:\/\/chillout-hoechst.at\/index.php\/offener-betrieb\/\" \/>\n<meta property=\"og:site_name\" content=\"Chillout H\u00f6chst\" \/>\n<meta property=\"article:publisher\" content=\"https:\/\/www.facebook.com\/chillina.hochst.1?locale=de_DE\" \/>\n<meta property=\"article:modified_time\" content=\"2026-01-15T15:20:34+00:00\" \/>\n<meta property=\"og:image\" content=\"https:\/\/chillout-hoechst.at\/wp-content\/uploads\/2024\/09\/PartyPaket-Flyer.png\" \/>\n\t<meta property=\"og:image:width\" content=\"1414\" \/>\n\t<meta property=\"og:image:height\" content=\"2000\" \/>\n\t<meta property=\"og:image:type\" content=\"image\/png\" \/>\n<meta name=\"twitter:card\" content=\"summary_large_image\" \/>\n<meta name=\"twitter:label1\" content=\"Gesch\u00e4tzte Lesezeit\" \/>\n\t<meta name=\"twitter:data1\" content=\"1\u00a0Minute\" \/>\n<script type=\"application\/ld+json\" class=\"yoast-schema-graph\">{\"@context\":\"https:\\\/\\\/schema.org\",\"@graph\":[{\"@type\":\"WebPage\",\"@id\":\"https:\\\/\\\/chillout-hoechst.at\\\/index.php\\\/offener-betrieb\\\/\",\"url\":\"https:\\\/\\\/chillout-hoechst.at\\\/index.php\\\/offener-betrieb\\\/\",\"name\":\"Offener Betrieb | Chillout H\u00f6chst\",\"isPartOf\":{\"@id\":\"https:\\\/\\\/chillout-hoechst.at\\\/#website\"},\"primaryImageOfPage\":{\"@id\":\"https:\\\/\\\/chillout-hoechst.at\\\/index.php\\\/offener-betrieb\\\/#primaryimage\"},\"image\":{\"@id\":\"https:\\\/\\\/chillout-hoechst.at\\\/index.php\\\/offener-betrieb\\\/#primaryimage\"},\"thumbnailUrl\":\"https:\\\/\\\/chillout-hoechst.at\\\/wp-content\\\/uploads\\\/2024\\\/09\\\/PartyPaket-Flyer-724x1024.png\",\"datePublished\":\"2024-08-02T14:52:57+00:00\",\"dateModified\":\"2026-01-15T15:20:34+00:00\",\"breadcrumb\":{\"@id\":\"https:\\\/\\\/chillout-hoechst.at\\\/index.php\\\/offener-betrieb\\\/#breadcrumb\"},\"inLanguage\":\"de\",\"potentialAction\":[{\"@type\":\"ReadAction\",\"target\":[\"https:\\\/\\\/chillout-hoechst.at\\\/index.php\\\/offener-betrieb\\\/\"]}]},{\"@type\":\"ImageObject\",\"inLanguage\":\"de\",\"@id\":\"https:\\\/\\\/chillout-hoechst.at\\\/index.php\\\/offener-betrieb\\\/#primaryimage\",\"url\":\"https:\\\/\\\/chillout-hoechst.at\\\/wp-content\\\/uploads\\\/2024\\\/09\\\/PartyPaket-Flyer.png\",\"contentUrl\":\"https:\\\/\\\/chillout-hoechst.at\\\/wp-content\\\/uploads\\\/2024\\\/09\\\/PartyPaket-Flyer.png\",\"width\":1414,\"height\":2000},{\"@type\":\"BreadcrumbList\",\"@id\":\"https:\\\/\\\/chillout-hoechst.at\\\/index.php\\\/offener-betrieb\\\/#breadcrumb\",\"itemListElement\":[{\"@type\":\"ListItem\",\"position\":1,\"name\":\"Startseite\",\"item\":\"https:\\\/\\\/chillout-hoechst.at\\\/\"},{\"@type\":\"ListItem\",\"position\":2,\"name\":\"Offener Betrieb\"}]},{\"@type\":\"WebSite\",\"@id\":\"https:\\\/\\\/chillout-hoechst.at\\\/#website\",\"url\":\"https:\\\/\\\/chillout-hoechst.at\\\/\",\"name\":\"Chillout H\u00f6chst\",\"description\":\"\",\"publisher\":{\"@id\":\"https:\\\/\\\/chillout-hoechst.at\\\/#organization\"},\"alternateName\":\"Chillout Hoechst\",\"potentialAction\":[{\"@type\":\"SearchAction\",\"target\":{\"@type\":\"EntryPoint\",\"urlTemplate\":\"https:\\\/\\\/chillout-hoechst.at\\\/?s={search_term_string}\"},\"query-input\":{\"@type\":\"PropertyValueSpecification\",\"valueRequired\":true,\"valueName\":\"search_term_string\"}}],\"inLanguage\":\"de\"},{\"@type\":\"Organization\",\"@id\":\"https:\\\/\\\/chillout-hoechst.at\\\/#organization\",\"name\":\"Chillout H\u00f6chst\",\"alternateName\":\"Chillout Hoechst\",\"url\":\"https:\\\/\\\/chillout-hoechst.at\\\/\",\"logo\":{\"@type\":\"ImageObject\",\"inLanguage\":\"de\",\"@id\":\"https:\\\/\\\/chillout-hoechst.at\\\/#\\\/schema\\\/logo\\\/image\\\/\",\"url\":\"https:\\\/\\\/chillout-hoechst.at\\\/wp-content\\\/uploads\\\/2024\\\/08\\\/android-chrome-512x512-1.png\",\"contentUrl\":\"https:\\\/\\\/chillout-hoechst.at\\\/wp-content\\\/uploads\\\/2024\\\/08\\\/android-chrome-512x512-1.png\",\"width\":512,\"height\":512,\"caption\":\"Chillout H\u00f6chst\"},\"image\":{\"@id\":\"https:\\\/\\\/chillout-hoechst.at\\\/#\\\/schema\\\/logo\\\/image\\\/\"},\"sameAs\":[\"https:\\\/\\\/www.facebook.com\\\/chillina.hochst.1?locale=de_DE\",\"https:\\\/\\\/www.instagram.com\\\/chillouthoechst\\\/\",\"https:\\\/\\\/www.youtube.com\\\/channel\\\/UCKfl2NjE5hHFL59H830CDtg\",\"https:\\\/\\\/www.tiktok.com\\\/@chillouthoechst?_t=8oLpQcqO7kW&_r=1\"]}]}<\/script>\n<!-- \/ Yoast SEO plugin. -->","yoast_head_json":{"title":"Offener Betrieb | Chillout H\u00f6chst","robots":{"index":"index","follow":"follow","max-snippet":"max-snippet:-1","max-image-preview":"max-image-preview:large","max-video-preview":"max-video-preview:-1"},"canonical":"https:\/\/chillout-hoechst.at\/index.php\/offener-betrieb\/","og_locale":"de_DE","og_type":"article","og_title":"Offener Betrieb | Chillout H\u00f6chst","og_description":"Aufgrund des Umbaus im Chillout findet der offene Betrieb im Partyraum statt. Dienstag \u00d6ffnungszeiten: 15:00 &#8211; 19:00 Uhr \u00a0 Lernen Chillen Bewerbung schreiben Brettspiele &amp; Kartenspiele Basteln Fu\u00dfball &amp; Basketball Pumptrack PlayStation Billard Mittwoch \u00d6ffnungszeiten: 15:00 &#8211; 19:00 Uhr Highlight: Offenes Sportangebot (M\u00e4dchen)\u00a0 Lernen Chillen Bewerbung schreiben Brettspiele &amp; Kartenspiele Basteln Fu\u00dfball &amp; Basketball Pumptrack...","og_url":"https:\/\/chillout-hoechst.at\/index.php\/offener-betrieb\/","og_site_name":"Chillout H\u00f6chst","article_publisher":"https:\/\/www.facebook.com\/chillina.hochst.1?locale=de_DE","article_modified_time":"2026-01-15T15:20:34+00:00","og_image":[{"width":1414,"height":2000,"url":"https:\/\/chillout-hoechst.at\/wp-content\/uploads\/2024\/09\/PartyPaket-Flyer.png","type":"image\/png"}],"twitter_card":"summary_large_image","twitter_misc":{"Gesch\u00e4tzte Lesezeit":"1\u00a0Minute"},"schema":{"@context":"https:\/\/schema.org","@graph":[{"@type":"WebPage","@id":"https:\/\/chillout-hoechst.at\/index.php\/offener-betrieb\/","url":"https:\/\/chillout-hoechst.at\/index.php\/offener-betrieb\/","name":"Offener Betrieb | Chillout H\u00f6chst","isPartOf":{"@id":"https:\/\/chillout-hoechst.at\/#website"},"primaryImageOfPage":{"@id":"https:\/\/chillout-hoechst.at\/index.php\/offener-betrieb\/#primaryimage"},"image":{"@id":"https:\/\/chillout-hoechst.at\/index.php\/offener-betrieb\/#primaryimage"},"thumbnailUrl":"https:\/\/chillout-hoechst.at\/wp-content\/uploads\/2024\/09\/PartyPaket-Flyer-724x1024.png","datePublished":"2024-08-02T14:52:57+00:00","dateModified":"2026-01-15T15:20:34+00:00","breadcrumb":{"@id":"https:\/\/chillout-hoechst.at\/index.php\/offener-betrieb\/#breadcrumb"},"inLanguage":"de","potentialAction":[{"@type":"ReadAction","target":["https:\/\/chillout-hoechst.at\/index.php\/offener-betrieb\/"]}]},{"@type":"ImageObject","inLanguage":"de","@id":"https:\/\/chillout-hoechst.at\/index.php\/offener-betrieb\/#primaryimage","url":"https:\/\/chillout-hoechst.at\/wp-content\/uploads\/2024\/09\/PartyPaket-Flyer.png","contentUrl":"https:\/\/chillout-hoechst.at\/wp-content\/uploads\/2024\/09\/PartyPaket-Flyer.png","width":1414,"height":2000},{"@type":"BreadcrumbList","@id":"https:\/\/chillout-hoechst.at\/index.php\/offener-betrieb\/#breadcrumb","itemListElement":[{"@type":"ListItem","position":1,"name":"Startseite","item":"https:\/\/chillout-hoechst.at\/"},{"@type":"ListItem","position":2,"name":"Offener Betrieb"}]},{"@type":"WebSite","@id":"https:\/\/chillout-hoechst.at\/#website","url":"https:\/\/chillout-hoechst.at\/","name":"Chillout H\u00f6chst","description":"","publisher":{"@id":"https:\/\/chillout-hoechst.at\/#organization"},"alternateName":"Chillout Hoechst","potentialAction":[{"@type":"SearchAction","target":{"@type":"EntryPoint","urlTemplate":"https:\/\/chillout-hoechst.at\/?s={search_term_string}"},"query-input":{"@type":"PropertyValueSpecification","valueRequired":true,"valueName":"search_term_string"}}],"inLanguage":"de"},{"@type":"Organization","@id":"https:\/\/chillout-hoechst.at\/#organization","name":"Chillout H\u00f6chst","alternateName":"Chillout Hoechst","url":"https:\/\/chillout-hoechst.at\/","logo":{"@type":"ImageObject","inLanguage":"de","@id":"https:\/\/chillout-hoechst.at\/#\/schema\/logo\/image\/","url":"https:\/\/chillout-hoechst.at\/wp-content\/uploads\/2024\/08\/android-chrome-512x512-1.png","contentUrl":"https:\/\/chillout-hoechst.at\/wp-content\/uploads\/2024\/08\/android-chrome-512x512-1.png","width":512,"height":512,"caption":"Chillout H\u00f6chst"},"image":{"@id":"https:\/\/chillout-hoechst.at\/#\/schema\/logo\/image\/"},"sameAs":["https:\/\/www.facebook.com\/chillina.hochst.1?locale=de_DE","https:\/\/www.instagram.com\/chillouthoechst\/","https:\/\/www.youtube.com\/channel\/UCKfl2NjE5hHFL59H830CDtg","https:\/\/www.tiktok.com\/@chillouthoechst?_t=8oLpQcqO7kW&_r=1"]}]}},"_links":{"self":[{"href":"https:\/\/chillout-hoechst.at\/index.php\/wp-json\/wp\/v2\/pages\/133","targetHints":{"allow":["GET"]}}],"collection":[{"href":"https:\/\/chillout-hoechst.at\/index.php\/wp-json\/wp\/v2\/pages"}],"about":[{"href":"https:\/\/chillout-hoechst.at\/index.php\/wp-json\/wp\/v2\/types\/page"}],"author":[{"embeddable":true,"href":"https:\/\/chillout-hoechst.at\/index.php\/wp-json\/wp\/v2\/users\/2"}],"replies":[{"embeddable":true,"href":"https:\/\/chillout-hoechst.at\/index.php\/wp-json\/wp\/v2\/comments?post=133"}],"version-history":[{"count":20,"href":"https:\/\/chillout-hoechst.at\/index.php\/wp-json\/wp\/v2\/pages\/133\/revisions"}],"predecessor-version":[{"id":641,"href":"https:\/\/chillout-hoechst.at\/index.php\/wp-json\/wp\/v2\/pages\/133\/revisions\/641"}],"wp:attachment":[{"href":"https:\/\/chillout-hoechst.at\/index.php\/wp-json\/wp\/v2\/media?parent=133"}],"curies":[{"name":"wp","href":"https:\/\/api.w.org\/{rel}","templated":true}]}}