{"id":39,"date":"2024-07-29T14:48:59","date_gmt":"2024-07-29T14:48:59","guid":{"rendered":"https:\/\/chillout-hoechst.at\/?page_id=39"},"modified":"2026-01-15T15:11:46","modified_gmt":"2026-01-15T15:11:46","slug":"team-2","status":"publish","type":"page","link":"https:\/\/chillout-hoechst.at\/index.php\/team-2\/","title":{"rendered":"Team"},"content":{"rendered":"\t\t<div data-elementor-type=\"wp-page\" data-elementor-id=\"39\" class=\"elementor elementor-39\" data-elementor-post-type=\"page\">\n\t\t\t\t<div class=\"elementor-element elementor-element-e66fe03 e-con-full e-flex e-con e-parent\" data-id=\"e66fe03\" data-element_type=\"container\" data-e-type=\"container\">\n\t\t\t\t<div class=\"elementor-element elementor-element-72d2d2b elementor-widget elementor-widget-image\" data-id=\"72d2d2b\" data-element_type=\"widget\" data-e-type=\"widget\" data-widget_type=\"image.default\">\n\t\t\t\t<div class=\"elementor-widget-container\">\n\t\t\t\t\t\t\t\t\t\t\t\t\t\t\t<img fetchpriority=\"high\" decoding=\"async\" width=\"2560\" height=\"1304\" src=\"https:\/\/chillout-hoechst.at\/wp-content\/uploads\/2024\/09\/we2-scaled.jpeg\" class=\"attachment-full size-full wp-image-303\" alt=\"\" srcset=\"https:\/\/chillout-hoechst.at\/wp-content\/uploads\/2024\/09\/we2-scaled.jpeg 2560w, https:\/\/chillout-hoechst.at\/wp-content\/uploads\/2024\/09\/we2-300x153.jpeg 300w, https:\/\/chillout-hoechst.at\/wp-content\/uploads\/2024\/09\/we2-1024x522.jpeg 1024w, https:\/\/chillout-hoechst.at\/wp-content\/uploads\/2024\/09\/we2-768x391.jpeg 768w, https:\/\/chillout-hoechst.at\/wp-content\/uploads\/2024\/09\/we2-1536x783.jpeg 1536w, https:\/\/chillout-hoechst.at\/wp-content\/uploads\/2024\/09\/we2-2048x1044.jpeg 2048w\" sizes=\"(max-width: 2560px) 100vw, 2560px\" \/>\t\t\t\t\t\t\t\t\t\t\t\t\t\t\t<\/div>\n\t\t\t\t<\/div>\n\t\t\t\t<\/div>\n\t\t<div class=\"elementor-element elementor-element-f9ac832 e-flex e-con-boxed e-con e-parent\" data-id=\"f9ac832\" data-element_type=\"container\" data-e-type=\"container\">\n\t\t\t\t\t<div class=\"e-con-inner\">\n\t\t\t\t<div class=\"elementor-element elementor-element-82feba8 elementor-widget-divider--view-line elementor-widget elementor-widget-divider\" data-id=\"82feba8\" data-element_type=\"widget\" data-e-type=\"widget\" data-widget_type=\"divider.default\">\n\t\t\t\t<div class=\"elementor-widget-container\">\n\t\t\t\t\t\t\t<div class=\"elementor-divider\">\n\t\t\t<span class=\"elementor-divider-separator\">\n\t\t\t\t\t\t<\/span>\n\t\t<\/div>\n\t\t\t\t\t\t<\/div>\n\t\t\t\t<\/div>\n\t\t\t\t\t<\/div>\n\t\t\t\t<\/div>\n\t\t<div class=\"elementor-element elementor-element-6df0a21 e-grid e-con-boxed e-con e-parent\" data-id=\"6df0a21\" data-element_type=\"container\" data-e-type=\"container\">\n\t\t\t\t\t<div class=\"e-con-inner\">\n\t\t\t\t<div class=\"elementor-element elementor-element-121c712 elementor-widget elementor-widget-image\" data-id=\"121c712\" data-element_type=\"widget\" data-e-type=\"widget\" data-widget_type=\"image.default\">\n\t\t\t\t<div class=\"elementor-widget-container\">\n\t\t\t\t\t\t\t\t\t\t\t\t<figure class=\"wp-caption\">\n\t\t\t\t\t\t\t\t\t\t<img decoding=\"async\" width=\"300\" height=\"300\" src=\"https:\/\/chillout-hoechst.at\/wp-content\/uploads\/2024\/09\/IMG_E4329-300x300.jpg\" class=\"attachment-medium size-medium wp-image-298\" alt=\"\" srcset=\"https:\/\/chillout-hoechst.at\/wp-content\/uploads\/2024\/09\/IMG_E4329-300x300.jpg 300w, https:\/\/chillout-hoechst.at\/wp-content\/uploads\/2024\/09\/IMG_E4329-1024x1024.jpg 1024w, https:\/\/chillout-hoechst.at\/wp-content\/uploads\/2024\/09\/IMG_E4329-150x150.jpg 150w, https:\/\/chillout-hoechst.at\/wp-content\/uploads\/2024\/09\/IMG_E4329-768x768.jpg 768w, https:\/\/chillout-hoechst.at\/wp-content\/uploads\/2024\/09\/IMG_E4329-1536x1536.jpg 1536w, https:\/\/chillout-hoechst.at\/wp-content\/uploads\/2024\/09\/IMG_E4329-2048x2048.jpg 2048w\" sizes=\"(max-width: 300px) 100vw, 300px\" \/>\t\t\t\t\t\t\t\t\t\t\t<figcaption class=\"widget-image-caption wp-caption-text\">Janine Schweiger - Leitung<\/figcaption>\n\t\t\t\t\t\t\t\t\t\t<\/figure>\n\t\t\t\t\t\t\t\t\t<\/div>\n\t\t\t\t<\/div>\n\t\t\t\t<div class=\"elementor-element elementor-element-6304fcc elementor-widget elementor-widget-text-editor\" data-id=\"6304fcc\" data-element_type=\"widget\" data-e-type=\"widget\" data-widget_type=\"text-editor.default\">\n\t\t\t\t<div class=\"elementor-widget-container\">\n\t\t\t\t\t\t\t\t\t<p><strong>Janine Schweiger<\/strong> ist die Leitung unseres Teams und bringt eine beeindruckende Expertise als diplomierte Jugendarbeiterin und diplomierte Sexualp\u00e4dagogin mit. Ihre Leidenschaft f\u00fcr ihren Job zeigt sich in jedem Projekt und jeder Begegnung. Janine liebt es, mit Jugendlichen zu arbeiten und sie in ihrer Entwicklung zu unterst\u00fctzen. Ihr Lieblingslied aus den 90ern bringt immer wieder gute Stimmung in unser B\u00fcro. Janines Lieblingstier ist der Emu \u2013 ein faszinierender und au\u00dfergew\u00f6hnlicher Vogel, der ebenso einzigartig ist wie sie selbst.<\/p>\t\t\t\t\t\t\t\t<\/div>\n\t\t\t\t<\/div>\n\t\t\t\t\t<\/div>\n\t\t\t\t<\/div>\n\t\t<div class=\"elementor-element elementor-element-8aa34df e-flex e-con-boxed e-con e-parent\" data-id=\"8aa34df\" data-element_type=\"container\" data-e-type=\"container\">\n\t\t\t\t\t<div class=\"e-con-inner\">\n\t\t\t\t<div class=\"elementor-element elementor-element-f72d6fb elementor-widget-divider--view-line elementor-widget elementor-widget-divider\" data-id=\"f72d6fb\" data-element_type=\"widget\" data-e-type=\"widget\" data-widget_type=\"divider.default\">\n\t\t\t\t<div class=\"elementor-widget-container\">\n\t\t\t\t\t\t\t<div class=\"elementor-divider\">\n\t\t\t<span class=\"elementor-divider-separator\">\n\t\t\t\t\t\t<\/span>\n\t\t<\/div>\n\t\t\t\t\t\t<\/div>\n\t\t\t\t<\/div>\n\t\t\t\t\t<\/div>\n\t\t\t\t<\/div>\n\t\t<div class=\"elementor-element elementor-element-9ebe84f e-grid e-con-boxed e-con e-parent\" data-id=\"9ebe84f\" data-element_type=\"container\" data-e-type=\"container\">\n\t\t\t\t\t<div class=\"e-con-inner\">\n\t\t\t\t<div class=\"elementor-element elementor-element-1eacc57 elementor-widget elementor-widget-image\" data-id=\"1eacc57\" data-element_type=\"widget\" data-e-type=\"widget\" data-widget_type=\"image.default\">\n\t\t\t\t<div class=\"elementor-widget-container\">\n\t\t\t\t\t\t\t\t\t\t\t\t<figure class=\"wp-caption\">\n\t\t\t\t\t\t\t\t\t\t<img decoding=\"async\" width=\"300\" height=\"300\" src=\"https:\/\/chillout-hoechst.at\/wp-content\/uploads\/2024\/09\/IMG_E4336-300x300.jpg\" class=\"attachment-medium size-medium wp-image-296\" alt=\"\" srcset=\"https:\/\/chillout-hoechst.at\/wp-content\/uploads\/2024\/09\/IMG_E4336-300x300.jpg 300w, https:\/\/chillout-hoechst.at\/wp-content\/uploads\/2024\/09\/IMG_E4336-1024x1024.jpg 1024w, https:\/\/chillout-hoechst.at\/wp-content\/uploads\/2024\/09\/IMG_E4336-150x150.jpg 150w, https:\/\/chillout-hoechst.at\/wp-content\/uploads\/2024\/09\/IMG_E4336-768x768.jpg 768w, https:\/\/chillout-hoechst.at\/wp-content\/uploads\/2024\/09\/IMG_E4336-1536x1536.jpg 1536w, https:\/\/chillout-hoechst.at\/wp-content\/uploads\/2024\/09\/IMG_E4336-2048x2048.jpg 2048w\" sizes=\"(max-width: 300px) 100vw, 300px\" \/>\t\t\t\t\t\t\t\t\t\t\t<figcaption class=\"widget-image-caption wp-caption-text\">Nedo Mitrovic<\/figcaption>\n\t\t\t\t\t\t\t\t\t\t<\/figure>\n\t\t\t\t\t\t\t\t\t<\/div>\n\t\t\t\t<\/div>\n\t\t\t\t<div class=\"elementor-element elementor-element-fdcc2ec elementor-widget elementor-widget-text-editor\" data-id=\"fdcc2ec\" data-element_type=\"widget\" data-e-type=\"widget\" data-widget_type=\"text-editor.default\">\n\t\t\t\t<div class=\"elementor-widget-container\">\n\t\t\t\t\t\t\t\t\t<p><strong>Nedo Mitrovic<\/strong> ist ein diplomierter Jugendarbeiter und Sexualp\u00e4dagoge, der seine Arbeit mit Jugendlichen liebt. Bei uns im Jugendtreff bringt er nicht nur sein Fachwissen ein, sondern kocht auch leidenschaftlich gerne mit den Jugendlichen, was f\u00fcr viele unvergessliche Momente und leckere Gerichte sorgt. Privat ist Nedo stolzer Vater einer kleinen Tochter. Seine Lieblingsorte sind Thailand, Bosnien, Ibiza und der Bodensee \u2013 Orte, die ihn inspirieren und begeistern.<\/p>\t\t\t\t\t\t\t\t<\/div>\n\t\t\t\t<\/div>\n\t\t\t\t\t<\/div>\n\t\t\t\t<\/div>\n\t\t<div class=\"elementor-element elementor-element-84a3522 e-flex e-con-boxed e-con e-parent\" data-id=\"84a3522\" data-element_type=\"container\" data-e-type=\"container\">\n\t\t\t\t\t<div class=\"e-con-inner\">\n\t\t\t\t<div class=\"elementor-element elementor-element-6ce1199 elementor-widget-divider--view-line elementor-widget elementor-widget-divider\" data-id=\"6ce1199\" data-element_type=\"widget\" data-e-type=\"widget\" data-widget_type=\"divider.default\">\n\t\t\t\t<div class=\"elementor-widget-container\">\n\t\t\t\t\t\t\t<div class=\"elementor-divider\">\n\t\t\t<span class=\"elementor-divider-separator\">\n\t\t\t\t\t\t<\/span>\n\t\t<\/div>\n\t\t\t\t\t\t<\/div>\n\t\t\t\t<\/div>\n\t\t\t\t\t<\/div>\n\t\t\t\t<\/div>\n\t\t<div class=\"elementor-element elementor-element-ba7affa e-grid e-con-boxed e-con e-parent\" data-id=\"ba7affa\" data-element_type=\"container\" data-e-type=\"container\">\n\t\t\t\t\t<div class=\"e-con-inner\">\n\t\t\t\t<div class=\"elementor-element elementor-element-68e6ff0 elementor-widget elementor-widget-text-editor\" data-id=\"68e6ff0\" data-element_type=\"widget\" data-e-type=\"widget\" data-widget_type=\"text-editor.default\">\n\t\t\t\t<div class=\"elementor-widget-container\">\n\t\t\t\t\t\t\t\t\t<p><strong>Laura D\u00fcnser<\/strong> studiert derzeit Sozialp\u00e4dagogik und bringt schon jetzt viel Herzblut und Energie in ihre Arbeit mit Jugendlichen ein.\u00a0 Laura verbringt gerne Zeit mit den Jugendlichen, h\u00f6rt ihnen aufmerksam zu und f\u00fchrt offene, wertsch\u00e4tzende Gespr\u00e4che. Mit ihrer positiven Art schafft sie eine vertrauensvolle Atmosph\u00e4re, in der sich alle wohl und unterst\u00fctzt f\u00fchlen.<\/p>\t\t\t\t\t\t\t\t<\/div>\n\t\t\t\t<\/div>\n\t\t\t\t<div class=\"elementor-element elementor-element-563d7c3 elementor-widget elementor-widget-image\" data-id=\"563d7c3\" data-element_type=\"widget\" data-e-type=\"widget\" data-widget_type=\"image.default\">\n\t\t\t\t<div class=\"elementor-widget-container\">\n\t\t\t\t\t\t\t\t\t\t\t\t<figure class=\"wp-caption\">\n\t\t\t\t\t\t\t\t\t\t<img loading=\"lazy\" decoding=\"async\" width=\"300\" height=\"300\" src=\"https:\/\/chillout-hoechst.at\/wp-content\/uploads\/2025\/10\/IMG_E3594-300x300.jpg\" class=\"attachment-medium size-medium wp-image-623\" alt=\"\" srcset=\"https:\/\/chillout-hoechst.at\/wp-content\/uploads\/2025\/10\/IMG_E3594-300x300.jpg 300w, https:\/\/chillout-hoechst.at\/wp-content\/uploads\/2025\/10\/IMG_E3594-1024x1024.jpg 1024w, https:\/\/chillout-hoechst.at\/wp-content\/uploads\/2025\/10\/IMG_E3594-150x150.jpg 150w, https:\/\/chillout-hoechst.at\/wp-content\/uploads\/2025\/10\/IMG_E3594-768x768.jpg 768w, https:\/\/chillout-hoechst.at\/wp-content\/uploads\/2025\/10\/IMG_E3594-1536x1536.jpg 1536w, https:\/\/chillout-hoechst.at\/wp-content\/uploads\/2025\/10\/IMG_E3594-2048x2048.jpg 2048w\" sizes=\"(max-width: 300px) 100vw, 300px\" \/>\t\t\t\t\t\t\t\t\t\t\t<figcaption class=\"widget-image-caption wp-caption-text\">Laura D\u00fcnser<\/figcaption>\n\t\t\t\t\t\t\t\t\t\t<\/figure>\n\t\t\t\t\t\t\t\t\t<\/div>\n\t\t\t\t<\/div>\n\t\t\t\t\t<\/div>\n\t\t\t\t<\/div>\n\t\t<div class=\"elementor-element elementor-element-78f362b e-flex e-con-boxed e-con e-parent\" data-id=\"78f362b\" data-element_type=\"container\" data-e-type=\"container\">\n\t\t\t\t\t<div class=\"e-con-inner\">\n\t\t\t\t<div class=\"elementor-element elementor-element-be2c85b elementor-widget-divider--view-line elementor-widget elementor-widget-divider\" data-id=\"be2c85b\" data-element_type=\"widget\" data-e-type=\"widget\" data-widget_type=\"divider.default\">\n\t\t\t\t<div class=\"elementor-widget-container\">\n\t\t\t\t\t\t\t<div class=\"elementor-divider\">\n\t\t\t<span class=\"elementor-divider-separator\">\n\t\t\t\t\t\t<\/span>\n\t\t<\/div>\n\t\t\t\t\t\t<\/div>\n\t\t\t\t<\/div>\n\t\t\t\t\t<\/div>\n\t\t\t\t<\/div>\n\t\t<div class=\"elementor-element elementor-element-06752e6 e-grid e-con-boxed e-con e-parent\" data-id=\"06752e6\" data-element_type=\"container\" data-e-type=\"container\">\n\t\t\t\t\t<div class=\"e-con-inner\">\n\t\t\t\t<div class=\"elementor-element elementor-element-1ac58d8 elementor-widget elementor-widget-image\" data-id=\"1ac58d8\" data-element_type=\"widget\" data-e-type=\"widget\" data-widget_type=\"image.default\">\n\t\t\t\t<div class=\"elementor-widget-container\">\n\t\t\t\t\t\t\t\t\t\t\t\t<figure class=\"wp-caption\">\n\t\t\t\t\t\t\t\t\t\t<img loading=\"lazy\" decoding=\"async\" width=\"300\" height=\"300\" src=\"https:\/\/chillout-hoechst.at\/wp-content\/uploads\/2024\/09\/IMG_E4328-300x300.jpg\" class=\"attachment-medium size-medium wp-image-297\" alt=\"\" srcset=\"https:\/\/chillout-hoechst.at\/wp-content\/uploads\/2024\/09\/IMG_E4328-300x300.jpg 300w, https:\/\/chillout-hoechst.at\/wp-content\/uploads\/2024\/09\/IMG_E4328-1024x1024.jpg 1024w, https:\/\/chillout-hoechst.at\/wp-content\/uploads\/2024\/09\/IMG_E4328-150x150.jpg 150w, https:\/\/chillout-hoechst.at\/wp-content\/uploads\/2024\/09\/IMG_E4328-768x768.jpg 768w, https:\/\/chillout-hoechst.at\/wp-content\/uploads\/2024\/09\/IMG_E4328-1536x1536.jpg 1536w, https:\/\/chillout-hoechst.at\/wp-content\/uploads\/2024\/09\/IMG_E4328-2048x2048.jpg 2048w\" sizes=\"(max-width: 300px) 100vw, 300px\" \/>\t\t\t\t\t\t\t\t\t\t\t<figcaption class=\"widget-image-caption wp-caption-text\">Kristina Yasenova - Lehre IT<\/figcaption>\n\t\t\t\t\t\t\t\t\t\t<\/figure>\n\t\t\t\t\t\t\t\t\t<\/div>\n\t\t\t\t<\/div>\n\t\t\t\t<div class=\"elementor-element elementor-element-33be205 elementor-widget elementor-widget-text-editor\" data-id=\"33be205\" data-element_type=\"widget\" data-e-type=\"widget\" data-widget_type=\"text-editor.default\">\n\t\t\t\t<div class=\"elementor-widget-container\">\n\t\t\t\t\t\t\t\t\t<p><strong>Kristina Yasenova<\/strong> absolviert derzeit eine IT-Lehre in der OJAD und bringt ihr technisches Wissen zweimal w\u00f6chentlich in unseren Jugendtreff ein. Sie unterst\u00fctzt die Jugendlichen bei Laptop-Problemen, der Nutzung von Microsoft Office und anderen technischen Herausforderungen und gibt zudem Nachhilfe. Kristina plant, ihre IT-Lehre abzuschlie\u00dfen und gleichzeitig den Jugendarbeiterlehrgang zu absolvieren. Als ehemalige Jugendliche im Chillout kennt sie die Bed\u00fcrfnisse und Anliegen der Jugendlichen aus eigener Erfahrung.\u00a0<\/p>\t\t\t\t\t\t\t\t<\/div>\n\t\t\t\t<\/div>\n\t\t\t\t\t<\/div>\n\t\t\t\t<\/div>\n\t\t\t\t<\/div>\n\t\t","protected":false},"excerpt":{"rendered":"<p>Janine Schweiger &#8211; Leitung Janine Schweiger ist die Leitung unseres Teams und bringt eine beeindruckende Expertise als diplomierte Jugendarbeiterin und diplomierte Sexualp\u00e4dagogin mit. Ihre Leidenschaft f\u00fcr ihren Job zeigt sich in jedem Projekt und jeder Begegnung. Janine liebt es, mit Jugendlichen zu arbeiten und sie in ihrer Entwicklung zu unterst\u00fctzen. Ihr Lieblingslied aus den 90ern&#8230;<\/p>\n","protected":false},"author":1,"featured_media":0,"parent":0,"menu_order":0,"comment_status":"closed","ping_status":"closed","template":"","meta":{"footnotes":""},"class_list":["post-39","page","type-page","status-publish","hentry"],"yoast_head":"<!-- This site is optimized with the Yoast SEO plugin v27.4 - https:\/\/yoast.com\/product\/yoast-seo-wordpress\/ -->\n<title>Team | Chillout H\u00f6chst<\/title>\n<meta name=\"robots\" content=\"index, follow, max-snippet:-1, max-image-preview:large, max-video-preview:-1\" \/>\n<link rel=\"canonical\" href=\"https:\/\/chillout-hoechst.at\/index.php\/team-2\/\" \/>\n<meta property=\"og:locale\" content=\"de_DE\" \/>\n<meta property=\"og:type\" content=\"article\" \/>\n<meta property=\"og:title\" content=\"Team | Chillout H\u00f6chst\" \/>\n<meta property=\"og:description\" content=\"Janine Schweiger &#8211; Leitung Janine Schweiger ist die Leitung unseres Teams und bringt eine beeindruckende Expertise als diplomierte Jugendarbeiterin und diplomierte Sexualp\u00e4dagogin mit. Ihre Leidenschaft f\u00fcr ihren Job zeigt sich in jedem Projekt und jeder Begegnung. Janine liebt es, mit Jugendlichen zu arbeiten und sie in ihrer Entwicklung zu unterst\u00fctzen. Ihr Lieblingslied aus den 90ern...\" \/>\n<meta property=\"og:url\" content=\"https:\/\/chillout-hoechst.at\/index.php\/team-2\/\" \/>\n<meta property=\"og:site_name\" content=\"Chillout H\u00f6chst\" \/>\n<meta property=\"article:publisher\" content=\"https:\/\/www.facebook.com\/chillina.hochst.1?locale=de_DE\" \/>\n<meta property=\"article:modified_time\" content=\"2026-01-15T15:11:46+00:00\" \/>\n<meta property=\"og:image\" content=\"https:\/\/chillout-hoechst.at\/wp-content\/uploads\/2024\/09\/we2-scaled.jpeg\" \/>\n\t<meta property=\"og:image:width\" content=\"2560\" \/>\n\t<meta property=\"og:image:height\" content=\"1304\" \/>\n\t<meta property=\"og:image:type\" content=\"image\/jpeg\" \/>\n<meta name=\"twitter:card\" content=\"summary_large_image\" \/>\n<meta name=\"twitter:label1\" content=\"Gesch\u00e4tzte Lesezeit\" \/>\n\t<meta name=\"twitter:data1\" content=\"3\u00a0Minuten\" \/>\n<script type=\"application\/ld+json\" class=\"yoast-schema-graph\">{\"@context\":\"https:\\\/\\\/schema.org\",\"@graph\":[{\"@type\":\"WebPage\",\"@id\":\"https:\\\/\\\/chillout-hoechst.at\\\/index.php\\\/team-2\\\/\",\"url\":\"https:\\\/\\\/chillout-hoechst.at\\\/index.php\\\/team-2\\\/\",\"name\":\"Team | Chillout H\u00f6chst\",\"isPartOf\":{\"@id\":\"https:\\\/\\\/chillout-hoechst.at\\\/#website\"},\"primaryImageOfPage\":{\"@id\":\"https:\\\/\\\/chillout-hoechst.at\\\/index.php\\\/team-2\\\/#primaryimage\"},\"image\":{\"@id\":\"https:\\\/\\\/chillout-hoechst.at\\\/index.php\\\/team-2\\\/#primaryimage\"},\"thumbnailUrl\":\"https:\\\/\\\/chillout-hoechst.at\\\/wp-content\\\/uploads\\\/2024\\\/09\\\/we2-scaled.jpeg\",\"datePublished\":\"2024-07-29T14:48:59+00:00\",\"dateModified\":\"2026-01-15T15:11:46+00:00\",\"breadcrumb\":{\"@id\":\"https:\\\/\\\/chillout-hoechst.at\\\/index.php\\\/team-2\\\/#breadcrumb\"},\"inLanguage\":\"de\",\"potentialAction\":[{\"@type\":\"ReadAction\",\"target\":[\"https:\\\/\\\/chillout-hoechst.at\\\/index.php\\\/team-2\\\/\"]}]},{\"@type\":\"ImageObject\",\"inLanguage\":\"de\",\"@id\":\"https:\\\/\\\/chillout-hoechst.at\\\/index.php\\\/team-2\\\/#primaryimage\",\"url\":\"https:\\\/\\\/chillout-hoechst.at\\\/wp-content\\\/uploads\\\/2024\\\/09\\\/we2-scaled.jpeg\",\"contentUrl\":\"https:\\\/\\\/chillout-hoechst.at\\\/wp-content\\\/uploads\\\/2024\\\/09\\\/we2-scaled.jpeg\",\"width\":2560,\"height\":1304},{\"@type\":\"BreadcrumbList\",\"@id\":\"https:\\\/\\\/chillout-hoechst.at\\\/index.php\\\/team-2\\\/#breadcrumb\",\"itemListElement\":[{\"@type\":\"ListItem\",\"position\":1,\"name\":\"Startseite\",\"item\":\"https:\\\/\\\/chillout-hoechst.at\\\/\"},{\"@type\":\"ListItem\",\"position\":2,\"name\":\"Team\"}]},{\"@type\":\"WebSite\",\"@id\":\"https:\\\/\\\/chillout-hoechst.at\\\/#website\",\"url\":\"https:\\\/\\\/chillout-hoechst.at\\\/\",\"name\":\"Chillout H\u00f6chst\",\"description\":\"\",\"publisher\":{\"@id\":\"https:\\\/\\\/chillout-hoechst.at\\\/#organization\"},\"alternateName\":\"Chillout Hoechst\",\"potentialAction\":[{\"@type\":\"SearchAction\",\"target\":{\"@type\":\"EntryPoint\",\"urlTemplate\":\"https:\\\/\\\/chillout-hoechst.at\\\/?s={search_term_string}\"},\"query-input\":{\"@type\":\"PropertyValueSpecification\",\"valueRequired\":true,\"valueName\":\"search_term_string\"}}],\"inLanguage\":\"de\"},{\"@type\":\"Organization\",\"@id\":\"https:\\\/\\\/chillout-hoechst.at\\\/#organization\",\"name\":\"Chillout H\u00f6chst\",\"alternateName\":\"Chillout Hoechst\",\"url\":\"https:\\\/\\\/chillout-hoechst.at\\\/\",\"logo\":{\"@type\":\"ImageObject\",\"inLanguage\":\"de\",\"@id\":\"https:\\\/\\\/chillout-hoechst.at\\\/#\\\/schema\\\/logo\\\/image\\\/\",\"url\":\"https:\\\/\\\/chillout-hoechst.at\\\/wp-content\\\/uploads\\\/2024\\\/08\\\/android-chrome-512x512-1.png\",\"contentUrl\":\"https:\\\/\\\/chillout-hoechst.at\\\/wp-content\\\/uploads\\\/2024\\\/08\\\/android-chrome-512x512-1.png\",\"width\":512,\"height\":512,\"caption\":\"Chillout H\u00f6chst\"},\"image\":{\"@id\":\"https:\\\/\\\/chillout-hoechst.at\\\/#\\\/schema\\\/logo\\\/image\\\/\"},\"sameAs\":[\"https:\\\/\\\/www.facebook.com\\\/chillina.hochst.1?locale=de_DE\",\"https:\\\/\\\/www.instagram.com\\\/chillouthoechst\\\/\",\"https:\\\/\\\/www.youtube.com\\\/channel\\\/UCKfl2NjE5hHFL59H830CDtg\",\"https:\\\/\\\/www.tiktok.com\\\/@chillouthoechst?_t=8oLpQcqO7kW&_r=1\"]}]}<\/script>\n<!-- \/ Yoast SEO plugin. -->","yoast_head_json":{"title":"Team | Chillout H\u00f6chst","robots":{"index":"index","follow":"follow","max-snippet":"max-snippet:-1","max-image-preview":"max-image-preview:large","max-video-preview":"max-video-preview:-1"},"canonical":"https:\/\/chillout-hoechst.at\/index.php\/team-2\/","og_locale":"de_DE","og_type":"article","og_title":"Team | Chillout H\u00f6chst","og_description":"Janine Schweiger &#8211; Leitung Janine Schweiger ist die Leitung unseres Teams und bringt eine beeindruckende Expertise als diplomierte Jugendarbeiterin und diplomierte Sexualp\u00e4dagogin mit. Ihre Leidenschaft f\u00fcr ihren Job zeigt sich in jedem Projekt und jeder Begegnung. Janine liebt es, mit Jugendlichen zu arbeiten und sie in ihrer Entwicklung zu unterst\u00fctzen. Ihr Lieblingslied aus den 90ern...","og_url":"https:\/\/chillout-hoechst.at\/index.php\/team-2\/","og_site_name":"Chillout H\u00f6chst","article_publisher":"https:\/\/www.facebook.com\/chillina.hochst.1?locale=de_DE","article_modified_time":"2026-01-15T15:11:46+00:00","og_image":[{"width":2560,"height":1304,"url":"https:\/\/chillout-hoechst.at\/wp-content\/uploads\/2024\/09\/we2-scaled.jpeg","type":"image\/jpeg"}],"twitter_card":"summary_large_image","twitter_misc":{"Gesch\u00e4tzte Lesezeit":"3\u00a0Minuten"},"schema":{"@context":"https:\/\/schema.org","@graph":[{"@type":"WebPage","@id":"https:\/\/chillout-hoechst.at\/index.php\/team-2\/","url":"https:\/\/chillout-hoechst.at\/index.php\/team-2\/","name":"Team | Chillout H\u00f6chst","isPartOf":{"@id":"https:\/\/chillout-hoechst.at\/#website"},"primaryImageOfPage":{"@id":"https:\/\/chillout-hoechst.at\/index.php\/team-2\/#primaryimage"},"image":{"@id":"https:\/\/chillout-hoechst.at\/index.php\/team-2\/#primaryimage"},"thumbnailUrl":"https:\/\/chillout-hoechst.at\/wp-content\/uploads\/2024\/09\/we2-scaled.jpeg","datePublished":"2024-07-29T14:48:59+00:00","dateModified":"2026-01-15T15:11:46+00:00","breadcrumb":{"@id":"https:\/\/chillout-hoechst.at\/index.php\/team-2\/#breadcrumb"},"inLanguage":"de","potentialAction":[{"@type":"ReadAction","target":["https:\/\/chillout-hoechst.at\/index.php\/team-2\/"]}]},{"@type":"ImageObject","inLanguage":"de","@id":"https:\/\/chillout-hoechst.at\/index.php\/team-2\/#primaryimage","url":"https:\/\/chillout-hoechst.at\/wp-content\/uploads\/2024\/09\/we2-scaled.jpeg","contentUrl":"https:\/\/chillout-hoechst.at\/wp-content\/uploads\/2024\/09\/we2-scaled.jpeg","width":2560,"height":1304},{"@type":"BreadcrumbList","@id":"https:\/\/chillout-hoechst.at\/index.php\/team-2\/#breadcrumb","itemListElement":[{"@type":"ListItem","position":1,"name":"Startseite","item":"https:\/\/chillout-hoechst.at\/"},{"@type":"ListItem","position":2,"name":"Team"}]},{"@type":"WebSite","@id":"https:\/\/chillout-hoechst.at\/#website","url":"https:\/\/chillout-hoechst.at\/","name":"Chillout H\u00f6chst","description":"","publisher":{"@id":"https:\/\/chillout-hoechst.at\/#organization"},"alternateName":"Chillout Hoechst","potentialAction":[{"@type":"SearchAction","target":{"@type":"EntryPoint","urlTemplate":"https:\/\/chillout-hoechst.at\/?s={search_term_string}"},"query-input":{"@type":"PropertyValueSpecification","valueRequired":true,"valueName":"search_term_string"}}],"inLanguage":"de"},{"@type":"Organization","@id":"https:\/\/chillout-hoechst.at\/#organization","name":"Chillout H\u00f6chst","alternateName":"Chillout Hoechst","url":"https:\/\/chillout-hoechst.at\/","logo":{"@type":"ImageObject","inLanguage":"de","@id":"https:\/\/chillout-hoechst.at\/#\/schema\/logo\/image\/","url":"https:\/\/chillout-hoechst.at\/wp-content\/uploads\/2024\/08\/android-chrome-512x512-1.png","contentUrl":"https:\/\/chillout-hoechst.at\/wp-content\/uploads\/2024\/08\/android-chrome-512x512-1.png","width":512,"height":512,"caption":"Chillout H\u00f6chst"},"image":{"@id":"https:\/\/chillout-hoechst.at\/#\/schema\/logo\/image\/"},"sameAs":["https:\/\/www.facebook.com\/chillina.hochst.1?locale=de_DE","https:\/\/www.instagram.com\/chillouthoechst\/","https:\/\/www.youtube.com\/channel\/UCKfl2NjE5hHFL59H830CDtg","https:\/\/www.tiktok.com\/@chillouthoechst?_t=8oLpQcqO7kW&_r=1"]}]}},"_links":{"self":[{"href":"https:\/\/chillout-hoechst.at\/index.php\/wp-json\/wp\/v2\/pages\/39","targetHints":{"allow":["GET"]}}],"collection":[{"href":"https:\/\/chillout-hoechst.at\/index.php\/wp-json\/wp\/v2\/pages"}],"about":[{"href":"https:\/\/chillout-hoechst.at\/index.php\/wp-json\/wp\/v2\/types\/page"}],"author":[{"embeddable":true,"href":"https:\/\/chillout-hoechst.at\/index.php\/wp-json\/wp\/v2\/users\/1"}],"replies":[{"embeddable":true,"href":"https:\/\/chillout-hoechst.at\/index.php\/wp-json\/wp\/v2\/comments?post=39"}],"version-history":[{"count":71,"href":"https:\/\/chillout-hoechst.at\/index.php\/wp-json\/wp\/v2\/pages\/39\/revisions"}],"predecessor-version":[{"id":638,"href":"https:\/\/chillout-hoechst.at\/index.php\/wp-json\/wp\/v2\/pages\/39\/revisions\/638"}],"wp:attachment":[{"href":"https:\/\/chillout-hoechst.at\/index.php\/wp-json\/wp\/v2\/media?parent=39"}],"curies":[{"name":"wp","href":"https:\/\/api.w.org\/{rel}","templated":true}]}}